{"id":2,"date":"2024-04-22T13:31:21","date_gmt":"2024-04-22T13:31:21","guid":{"rendered":"https:\/\/foodandball.pl\/?page_id=2"},"modified":"2025-08-30T13:05:21","modified_gmt":"2025-08-30T13:05:21","slug":"sample-page","status":"publish","type":"page","link":"https:\/\/foodandball.pl\/","title":{"rendered":"Sample Page"},"content":{"rendered":"\t\t<div data-elementor-type=\"wp-page\" data-elementor-id=\"2\" class=\"elementor elementor-2\" data-elementor-settings=\"{&quot;ha_cmc_init_switcher&quot;:&quot;no&quot;}\" data-elementor-post-type=\"page\">\n\t\t\t\t<div class=\"elementor-element elementor-element-b4c0f50 e-con-full e-flex e-con e-parent\" data-id=\"b4c0f50\" data-element_type=\"container\" data-settings=\"{&quot;background_background&quot;:&quot;classic&quot;,&quot;_ha_eqh_enable&quot;:false}\">\n\t\t<div class=\"elementor-element elementor-element-4d9aa7b e-flex e-con-boxed e-con e-child\" data-id=\"4d9aa7b\" data-element_type=\"container\" data-settings=\"{&quot;_ha_eqh_enable&quot;:false}\">\n\t\t\t\t\t<div class=\"e-con-inner\">\n\t\t\t\t<div class=\"elementor-element elementor-element-8938a3e elementor-invisible elementor-widget elementor-widget-heading\" data-id=\"8938a3e\" data-element_type=\"widget\" data-settings=\"{&quot;_animation&quot;:&quot;fadeInDown&quot;}\" data-widget_type=\"heading.default\">\n\t\t\t\t<div class=\"elementor-widget-container\">\n\t\t\t\t\t<h2 class=\"elementor-heading-title elementor-size-default\">Nasy\u0107 emocje <font color=\"#D99D55\">w Katowicach<font><\/h2>\t\t\t\t<\/div>\n\t\t\t\t<\/div>\n\t\t\t\t<div class=\"elementor-element elementor-element-8476c68 elementor-invisible elementor-widget elementor-widget-text-editor\" data-id=\"8476c68\" data-element_type=\"widget\" data-settings=\"{&quot;_animation&quot;:&quot;fadeInDown&quot;}\" data-widget_type=\"text-editor.default\">\n\t\t\t\t<div class=\"elementor-widget-container\">\n\t\t\t\t\t\t\t\t\t<p><span class=\"intro__underheader\">Pozw\u00f3l si\u0119 ugo\u015bci\u0107 po mistrzowsku.<\/span><\/p>\t\t\t\t\t\t\t\t<\/div>\n\t\t\t\t<\/div>\n\t\t\t\t\t<\/div>\n\t\t\t\t<\/div>\n\t\t<div class=\"elementor-element elementor-element-7331c34 e-flex e-con-boxed e-con e-child\" data-id=\"7331c34\" data-element_type=\"container\" data-settings=\"{&quot;_ha_eqh_enable&quot;:false}\">\n\t\t\t\t\t<div class=\"e-con-inner\">\n\t\t<div class=\"elementor-element elementor-element-1b2d265 e-con-full e-flex elementor-invisible e-con e-child\" data-id=\"1b2d265\" data-element_type=\"container\" data-settings=\"{&quot;animation&quot;:&quot;fadeInDown&quot;,&quot;_ha_eqh_enable&quot;:false}\">\n\t\t\t\t<div class=\"elementor-element elementor-element-2afb1f8 elementor-widget elementor-widget-ha-image-hover-effect happy-addon ha-image-hover-effect\" data-id=\"2afb1f8\" data-element_type=\"widget\" data-widget_type=\"ha-image-hover-effect.default\">\n\t\t\t\t<div class=\"elementor-widget-container\">\n\t\t\t\t\t\t\t<div class=\"ha-ihe-wrapper grid\">\n\t\t\t<figure class=\"ha-ihe-fig ha-effect-apollo\">\n\t\t\t\t<img decoding=\"async\" class=\"ha-ihe-img\" src=\"https:\/\/foodandball.pl\/wp-content\/uploads\/2024\/05\/foodnball-luty-kuchnia-7-scaled-1.jpg\" alt=\"\" \/>\n\t\t\t\t<figcaption class=\"ha-ihe-caption\">\n\t\t\t\t\t\t\t\t\t\t\t<h2 class=\"ha-ihe-title\">MENU<\/h2>\t\t\t\t\t\t\t\t\t\t\t\t\t<p class=\"ha-ihe-desc\">Sprawd\u017a nasze menu<\/p>\n\t\t\t\t\t\t\t\t\t\t\t\t\t\t\t\t\t\t\t\t\t\t\t<a href=\"https:\/\/foodandball.pl\/wp-content\/uploads\/2025\/08\/menu-pl-25.pdf\"  target=&quot;_blank&quot; rel=&quot;nofollow&quot;><\/a>\n\t\t\t\t\t\t\t\t\t<\/figcaption>\n\t\t\t<\/figure>\n\t\t<\/div>\n\t\t\t\t<\/div>\n\t\t\t\t<\/div>\n\t\t\t\t<\/div>\n\t\t<div class=\"elementor-element elementor-element-8fe6e00 e-con-full e-flex elementor-invisible e-con e-child\" data-id=\"8fe6e00\" data-element_type=\"container\" data-settings=\"{&quot;animation&quot;:&quot;fadeInDown&quot;,&quot;_ha_eqh_enable&quot;:false}\">\n\t\t\t\t<div class=\"elementor-element elementor-element-fc52113 elementor-widget elementor-widget-ha-image-hover-effect happy-addon ha-image-hover-effect\" data-id=\"fc52113\" data-element_type=\"widget\" data-widget_type=\"ha-image-hover-effect.default\">\n\t\t\t\t<div class=\"elementor-widget-container\">\n\t\t\t\t\t\t\t<div class=\"ha-ihe-wrapper grid\">\n\t\t\t<figure class=\"ha-ihe-fig ha-effect-apollo\">\n\t\t\t\t<img decoding=\"async\" class=\"ha-ihe-img\" src=\"https:\/\/foodandball.pl\/wp-content\/uploads\/2024\/05\/4-NAPASTNIK-1620x1080-1.jpg\" alt=\"\" \/>\n\t\t\t\t<figcaption class=\"ha-ihe-caption\">\n\t\t\t\t\t\t\t\t\t\t\t<h2 class=\"ha-ihe-title\">OFERTY<\/h2>\t\t\t\t\t\t\t\t\t\t\t\t\t<p class=\"ha-ihe-desc\">Zobacz nasze aktualne oferty<\/p>\n\t\t\t\t\t\t\t\t\t\t\t\t\t\t\t\t\t\t\t\t\t<\/figcaption>\n\t\t\t<\/figure>\n\t\t<\/div>\n\t\t\t\t<\/div>\n\t\t\t\t<\/div>\n\t\t\t\t<\/div>\n\t\t<div class=\"elementor-element elementor-element-0bc8889 e-con-full e-flex elementor-invisible e-con e-child\" data-id=\"0bc8889\" data-element_type=\"container\" data-settings=\"{&quot;animation&quot;:&quot;fadeInDown&quot;,&quot;_ha_eqh_enable&quot;:false}\">\n\t\t\t\t<div data-ha-element-link=\"{&quot;url&quot;:&quot;tel:+48575998765&quot;,&quot;is_external&quot;:&quot;&quot;,&quot;nofollow&quot;:&quot;&quot;}\" style=\"cursor: pointer\" class=\"elementor-element elementor-element-7da46d6 elementor-widget elementor-widget-ha-image-hover-effect happy-addon ha-image-hover-effect\" data-id=\"7da46d6\" data-element_type=\"widget\" data-widget_type=\"ha-image-hover-effect.default\">\n\t\t\t\t<div class=\"elementor-widget-container\">\n\t\t\t\t\t\t\t<div class=\"ha-ihe-wrapper grid\">\n\t\t\t<figure class=\"ha-ihe-fig ha-effect-apollo\">\n\t\t\t\t<img decoding=\"async\" class=\"ha-ihe-img\" src=\"https:\/\/foodandball.pl\/wp-content\/uploads\/2024\/05\/foodandball-restauracja-11-1617x1080-1.jpg\" alt=\"\" \/>\n\t\t\t\t<figcaption class=\"ha-ihe-caption\">\n\t\t\t\t\t\t\t\t\t\t\t<h2 class=\"ha-ihe-title\">Kontakt<\/h2>\t\t\t\t\t\t\t\t\t\t\t\t\t<p class=\"ha-ihe-desc\">Rezerwacja stolika pod numerem: \n<br>575 998765\n\n<\/p>\n\t\t\t\t\t\t\t\t\t\t\t\t\t\t\t\t\t\t\t\t\t<\/figcaption>\n\t\t\t<\/figure>\n\t\t<\/div>\n\t\t\t\t<\/div>\n\t\t\t\t<\/div>\n\t\t\t\t<\/div>\n\t\t\t\t\t<\/div>\n\t\t\t\t<\/div>\n\t\t\t\t<\/div>\n\t\t\t\t<\/div>\n\t\t","protected":false},"excerpt":{"rendered":"<p>Nasy\u0107 emocje w Katowicach Pozw\u00f3l si\u0119 ugo\u015bci\u0107 po mistrzowsku. MENU Sprawd\u017a nasze menu OFERTY Zobacz nasze aktualne oferty Kontakt Rezerwacja stolika pod numerem: 575 998765<\/p>\n","protected":false},"author":1,"featured_media":0,"parent":0,"menu_order":0,"comment_status":"closed","ping_status":"open","template":"elementor_header_footer","meta":{"footnotes":""},"class_list":["post-2","page","type-page","status-publish","hentry"],"_links":{"self":[{"href":"https:\/\/foodandball.pl\/index.php?rest_route=\/wp\/v2\/pages\/2","targetHints":{"allow":["GET"]}}],"collection":[{"href":"https:\/\/foodandball.pl\/index.php?rest_route=\/wp\/v2\/pages"}],"about":[{"href":"https:\/\/foodandball.pl\/index.php?rest_route=\/wp\/v2\/types\/page"}],"author":[{"embeddable":true,"href":"https:\/\/foodandball.pl\/index.php?rest_route=\/wp\/v2\/users\/1"}],"replies":[{"embeddable":true,"href":"https:\/\/foodandball.pl\/index.php?rest_route=%2Fwp%2Fv2%2Fcomments&post=2"}],"version-history":[{"count":135,"href":"https:\/\/foodandball.pl\/index.php?rest_route=\/wp\/v2\/pages\/2\/revisions"}],"predecessor-version":[{"id":225,"href":"https:\/\/foodandball.pl\/index.php?rest_route=\/wp\/v2\/pages\/2\/revisions\/225"}],"wp:attachment":[{"href":"https:\/\/foodandball.pl\/index.php?rest_route=%2Fwp%2Fv2%2Fmedia&parent=2"}],"curies":[{"name":"wp","href":"https:\/\/api.w.org\/{rel}","templated":true}]}}